{"id":29,"date":"2025-08-17T22:54:02","date_gmt":"2025-08-17T22:54:02","guid":{"rendered":"https:\/\/segundafundacion.com\/index.php\/document-library\/"},"modified":"2025-08-19T20:11:56","modified_gmt":"2025-08-19T20:11:56","slug":"document-library","status":"publish","type":"page","link":"https:\/\/segundafundacion.com\/index.php\/document-library\/","title":{"rendered":"Biblioteca"},"content":{"rendered":"\t\t<input type=\"hidden\" name=\"category-search-1\" value=\"\" class=\"category-search-1\">\n\t\t<table id=\"document-library-1\" class=\"document-library-table\" data-page-length=\"20\" data-paging=\"false\" data-click-filter=\"true\" data-scroll-offset=\"15\" data-order=\"[]\" cellspacing=\"0\" width=\"100%\">\n\t\t\t<thead><tr><th data-name=\"id\" data-priority=\"3\" data-width=\"\" data-orderable=\"true\">ID<\/th><th data-name=\"title\" data-priority=\"1\" data-width=\"\" data-orderable=\"true\">Title<\/th><th data-name=\"content\" data-priority=\"5\" data-width=\"\" data-orderable=\"true\">Content<\/th><th data-name=\"image\" data-priority=\"6\" data-width=\"\" data-orderable=\"false\">Image<\/th><th data-name=\"date\" data-priority=\"2\" data-width=\"\" data-orderable=\"true\">Date<\/th><th data-name=\"doc_categories\" data-priority=\"7\" data-width=\"\" data-orderable=\"true\">Categories<\/th><th data-name=\"link\" data-priority=\"4\" data-width=\"\" data-orderable=\"false\">Link<\/th><\/tr><\/thead>\t\t\t<tbody>\n\t\t\t\t<tr><td>101<\/td><td>Hoja de c\u00e1lculo de caudal en tubo simple<\/td><td>Ejercicio de comprobaci\u00f3n de tuber\u00eda, es decir calcular el caudal m\u00e1ximo que puede pasar por &hellip;<\/td><td><img loading=\"lazy\" decoding=\"async\" width=\"150\" height=\"150\" src=\"https:\/\/segundafundacion.com\/wp-content\/uploads\/2025\/08\/XLS-150x150.png\" class=\"\" alt=\"Hoja de c\u00e1lculo de caudal en tubo simple\" title=\"XLS\" data-caption=\"Hoja de c\u00e1lculo de caudal en tubo simple\" data-src=\"https:\/\/segundafundacion.com\/wp-content\/uploads\/2025\/08\/XLS.png\" data-large_image=\"https:\/\/segundafundacion.com\/wp-content\/uploads\/2025\/08\/XLS.png\" data-large_image_width=\"165\" data-large_image_height=\"167\" \/><\/td><td>2025\/08\/18<\/td><td><a href=\"https:\/\/segundafundacion.com\/index.php\/document-category\/hidraulica\/\" rel=\"tag\">Hidr\u00e1ulica<\/a><\/td><td><a href=\"https:\/\/segundafundacion.com\/wp-content\/uploads\/2025\/08\/Ejercicio2-comprobacion-de-diseno.xls\" class=\"dll-download-button document-library-button button btn\"  download=\"Ejercicio2-comprobacion-de-diseno.xls\" type=\"application\/vnd.ms-excel\"><div class=\"dll-icon download dll-button-icon dll-button-icon-text\"><svg xmlns=\"http:\/\/www.w3.org\/2000\/svg\" viewBox=\"0 0 512 512\" aria-label=\"Download\"><path fill=\"currentColor\" d=\"M216 0h80c13.3 0 24 10.7 24 24v168h87.7c17.8 0 26.7 21.5 14.1 34.1L269.7 378.3c-7.5 7.5-19.8 7.5-27.3 0L90.1 226.1c-12.6-12.6-3.7-34.1 14.1-34.1H192V24c0-13.3 10.7-24 24-24zm296 376v112c0 13.3-10.7 24-24 24H24c-13.3 0-24-10.7-24-24V376c0-13.3 10.7-24 24-24h146.7l49 49c20.1 20.1 52.5 20.1 72.6 0l49-49H488c13.3 0 24 10.7 24 24zm-124 88c0-11-9-20-20-20s-20 9-20 20 9 20 20 20 20-9 20-20zm64 0c0-11-9-20-20-20s-20 9-20 20 9 20 20 20 20-9 20-20z\"><\/path><\/svg><\/div>Descarga<\/a><\/td><\/tr><tr><td>99<\/td><td>La Mec\u00e1nica del Karate<\/td><td>Trabajo de Investigaci\u00f3n para optar por el Grado Cint\u00f3n Negro Nidan &#8211; Carlos Camacho Soto.\u00a0 &hellip;<\/td><td><img loading=\"lazy\" decoding=\"async\" width=\"148\" height=\"146\" src=\"https:\/\/segundafundacion.com\/wp-content\/uploads\/2025\/08\/PDF-1.png\" class=\"\" alt=\"La Mec\u00e1nica del Karate\" title=\"PDF\" data-caption=\"La Mec\u00e1nica del Karate\" data-src=\"https:\/\/segundafundacion.com\/wp-content\/uploads\/2025\/08\/PDF-1.png\" data-large_image=\"https:\/\/segundafundacion.com\/wp-content\/uploads\/2025\/08\/PDF-1.png\" data-large_image_width=\"148\" data-large_image_height=\"146\" \/><\/td><td>2025\/08\/18<\/td><td><a href=\"https:\/\/segundafundacion.com\/index.php\/document-category\/karate\/\" rel=\"tag\">Karate<\/a><\/td><td><a href=\"https:\/\/segundafundacion.com\/wp-content\/uploads\/2025\/08\/artKTD.pdf\" class=\"dll-download-button document-library-button button btn\"  download=\"artKTD.pdf\" type=\"application\/pdf\"><div class=\"dll-icon download dll-button-icon dll-button-icon-text\"><svg xmlns=\"http:\/\/www.w3.org\/2000\/svg\" viewBox=\"0 0 512 512\" aria-label=\"Download\"><path fill=\"currentColor\" d=\"M216 0h80c13.3 0 24 10.7 24 24v168h87.7c17.8 0 26.7 21.5 14.1 34.1L269.7 378.3c-7.5 7.5-19.8 7.5-27.3 0L90.1 226.1c-12.6-12.6-3.7-34.1 14.1-34.1H192V24c0-13.3 10.7-24 24-24zm296 376v112c0 13.3-10.7 24-24 24H24c-13.3 0-24-10.7-24-24V376c0-13.3 10.7-24 24-24h146.7l49 49c20.1 20.1 52.5 20.1 72.6 0l49-49H488c13.3 0 24 10.7 24 24zm-124 88c0-11-9-20-20-20s-20 9-20 20 9 20 20 20 20-9 20-20zm64 0c0-11-9-20-20-20s-20 9-20 20 9 20 20 20 20-9 20-20z\"><\/path><\/svg><\/div>Descarga<\/a><\/td><\/tr><tr><td>97<\/td><td>Fundaci\u00f3n 7: Hacia la Fundaci\u00f3n<\/td><td>Septimo libro de la saga de Fundaci\u00f3n<\/td><td><img loading=\"lazy\" decoding=\"async\" width=\"148\" height=\"146\" src=\"https:\/\/segundafundacion.com\/wp-content\/uploads\/2025\/08\/PDF-1.png\" class=\"\" alt=\"Fundaci\u00f3n 7: Hacia la Fundaci\u00f3n\" title=\"PDF\" data-caption=\"Fundaci\u00f3n 7: Hacia la Fundaci\u00f3n\" data-src=\"https:\/\/segundafundacion.com\/wp-content\/uploads\/2025\/08\/PDF-1.png\" data-large_image=\"https:\/\/segundafundacion.com\/wp-content\/uploads\/2025\/08\/PDF-1.png\" data-large_image_width=\"148\" data-large_image_height=\"146\" \/><\/td><td>2025\/08\/18<\/td><td><a href=\"https:\/\/segundafundacion.com\/index.php\/document-category\/eg\/\" rel=\"tag\">Enciclopedia Gal\u00e1ctica<\/a><\/td><td><a href=\"https:\/\/segundafundacion.com\/wp-content\/uploads\/2025\/08\/Fundacion-7-Hacia-La-Fundacion-Isaac-Asimov.pdf\" class=\"dll-download-button document-library-button button btn\"  download=\"Fundacion-7-Hacia-La-Fundacion-Isaac-Asimov.pdf\" type=\"application\/pdf\"><div class=\"dll-icon download dll-button-icon dll-button-icon-text\"><svg xmlns=\"http:\/\/www.w3.org\/2000\/svg\" viewBox=\"0 0 512 512\" aria-label=\"Download\"><path fill=\"currentColor\" d=\"M216 0h80c13.3 0 24 10.7 24 24v168h87.7c17.8 0 26.7 21.5 14.1 34.1L269.7 378.3c-7.5 7.5-19.8 7.5-27.3 0L90.1 226.1c-12.6-12.6-3.7-34.1 14.1-34.1H192V24c0-13.3 10.7-24 24-24zm296 376v112c0 13.3-10.7 24-24 24H24c-13.3 0-24-10.7-24-24V376c0-13.3 10.7-24 24-24h146.7l49 49c20.1 20.1 52.5 20.1 72.6 0l49-49H488c13.3 0 24 10.7 24 24zm-124 88c0-11-9-20-20-20s-20 9-20 20 9 20 20 20 20-9 20-20zm64 0c0-11-9-20-20-20s-20 9-20 20 9 20 20 20 20-9 20-20z\"><\/path><\/svg><\/div>Descarga<\/a><\/td><\/tr><tr><td>95<\/td><td>Fundaci\u00f3n 6: Preludio a la Fundaci\u00f3n<\/td><td>Sexto libro de la saga de Fundaci\u00f3n<\/td><td><img loading=\"lazy\" decoding=\"async\" width=\"148\" height=\"146\" src=\"https:\/\/segundafundacion.com\/wp-content\/uploads\/2025\/08\/PDF-1.png\" class=\"\" alt=\"Fundaci\u00f3n 6: Preludio a la Fundaci\u00f3n\" title=\"PDF\" data-caption=\"Fundaci\u00f3n 6: Preludio a la Fundaci\u00f3n\" data-src=\"https:\/\/segundafundacion.com\/wp-content\/uploads\/2025\/08\/PDF-1.png\" data-large_image=\"https:\/\/segundafundacion.com\/wp-content\/uploads\/2025\/08\/PDF-1.png\" data-large_image_width=\"148\" data-large_image_height=\"146\" \/><\/td><td>2025\/08\/18<\/td><td><a href=\"https:\/\/segundafundacion.com\/index.php\/document-category\/eg\/\" rel=\"tag\">Enciclopedia Gal\u00e1ctica<\/a><\/td><td><a href=\"https:\/\/segundafundacion.com\/wp-content\/uploads\/2025\/08\/Fundacion-6-Preludio-A-La-Fundacion-Isaac-Asimov.pdf\" class=\"dll-download-button document-library-button button btn\"  download=\"Fundacion-6-Preludio-A-La-Fundacion-Isaac-Asimov.pdf\" type=\"application\/pdf\"><div class=\"dll-icon download dll-button-icon dll-button-icon-text\"><svg xmlns=\"http:\/\/www.w3.org\/2000\/svg\" viewBox=\"0 0 512 512\" aria-label=\"Download\"><path fill=\"currentColor\" d=\"M216 0h80c13.3 0 24 10.7 24 24v168h87.7c17.8 0 26.7 21.5 14.1 34.1L269.7 378.3c-7.5 7.5-19.8 7.5-27.3 0L90.1 226.1c-12.6-12.6-3.7-34.1 14.1-34.1H192V24c0-13.3 10.7-24 24-24zm296 376v112c0 13.3-10.7 24-24 24H24c-13.3 0-24-10.7-24-24V376c0-13.3 10.7-24 24-24h146.7l49 49c20.1 20.1 52.5 20.1 72.6 0l49-49H488c13.3 0 24 10.7 24 24zm-124 88c0-11-9-20-20-20s-20 9-20 20 9 20 20 20 20-9 20-20zm64 0c0-11-9-20-20-20s-20 9-20 20 9 20 20 20 20-9 20-20z\"><\/path><\/svg><\/div>Descarga<\/a><\/td><\/tr><tr><td>92<\/td><td>Fundaci\u00f3n 5: Fundaci\u00f3n y Tierra<\/td><td>Quinto libro de la saga de Fundaci\u00f3n<\/td><td><img loading=\"lazy\" decoding=\"async\" width=\"148\" height=\"146\" src=\"https:\/\/segundafundacion.com\/wp-content\/uploads\/2025\/08\/PDF-1.png\" class=\"\" alt=\"Fundaci\u00f3n 5: Fundaci\u00f3n y Tierra\" title=\"PDF\" data-caption=\"Fundaci\u00f3n 5: Fundaci\u00f3n y Tierra\" data-src=\"https:\/\/segundafundacion.com\/wp-content\/uploads\/2025\/08\/PDF-1.png\" data-large_image=\"https:\/\/segundafundacion.com\/wp-content\/uploads\/2025\/08\/PDF-1.png\" data-large_image_width=\"148\" data-large_image_height=\"146\" \/><\/td><td>2025\/08\/18<\/td><td><a href=\"https:\/\/segundafundacion.com\/index.php\/document-category\/eg\/\" rel=\"tag\">Enciclopedia Gal\u00e1ctica<\/a><\/td><td><a href=\"https:\/\/segundafundacion.com\/wp-content\/uploads\/2025\/08\/Fundacion-5-Fundacion-y-Tierra-Isaac-Asimov.pdf\" class=\"dll-download-button document-library-button button btn\"  download=\"Fundacion-5-Fundacion-y-Tierra-Isaac-Asimov.pdf\" type=\"application\/pdf\"><div class=\"dll-icon download dll-button-icon dll-button-icon-text\"><svg xmlns=\"http:\/\/www.w3.org\/2000\/svg\" viewBox=\"0 0 512 512\" aria-label=\"Download\"><path fill=\"currentColor\" d=\"M216 0h80c13.3 0 24 10.7 24 24v168h87.7c17.8 0 26.7 21.5 14.1 34.1L269.7 378.3c-7.5 7.5-19.8 7.5-27.3 0L90.1 226.1c-12.6-12.6-3.7-34.1 14.1-34.1H192V24c0-13.3 10.7-24 24-24zm296 376v112c0 13.3-10.7 24-24 24H24c-13.3 0-24-10.7-24-24V376c0-13.3 10.7-24 24-24h146.7l49 49c20.1 20.1 52.5 20.1 72.6 0l49-49H488c13.3 0 24 10.7 24 24zm-124 88c0-11-9-20-20-20s-20 9-20 20 9 20 20 20 20-9 20-20zm64 0c0-11-9-20-20-20s-20 9-20 20 9 20 20 20 20-9 20-20z\"><\/path><\/svg><\/div>Descarga<\/a><\/td><\/tr><tr><td>88<\/td><td>Fundaci\u00f3n 4: Los l\u00edmites de la Fundaci\u00f3n<\/td><td>Libro 4 de la saga de Fundaci\u00f3n<\/td><td><img loading=\"lazy\" decoding=\"async\" width=\"148\" height=\"146\" src=\"https:\/\/segundafundacion.com\/wp-content\/uploads\/2025\/08\/PDF-1.png\" class=\"\" alt=\"Fundaci\u00f3n 4: Los l\u00edmites de la Fundaci\u00f3n\" title=\"PDF\" data-caption=\"Fundaci\u00f3n 4: Los l\u00edmites de la Fundaci\u00f3n\" data-src=\"https:\/\/segundafundacion.com\/wp-content\/uploads\/2025\/08\/PDF-1.png\" data-large_image=\"https:\/\/segundafundacion.com\/wp-content\/uploads\/2025\/08\/PDF-1.png\" data-large_image_width=\"148\" data-large_image_height=\"146\" \/><\/td><td>2025\/08\/18<\/td><td><a href=\"https:\/\/segundafundacion.com\/index.php\/document-category\/eg\/\" rel=\"tag\">Enciclopedia Gal\u00e1ctica<\/a><\/td><td><a href=\"https:\/\/segundafundacion.com\/wp-content\/uploads\/2025\/08\/Fundacion-4-Los-limites-de-la-fundacion-Isaac-Asimov.pdf\" class=\"dll-download-button document-library-button button btn\"  download=\"Fundacion-4-Los-limites-de-la-fundacion-Isaac-Asimov.pdf\" type=\"application\/pdf\"><div class=\"dll-icon download dll-button-icon dll-button-icon-text\"><svg xmlns=\"http:\/\/www.w3.org\/2000\/svg\" viewBox=\"0 0 512 512\" aria-label=\"Download\"><path fill=\"currentColor\" d=\"M216 0h80c13.3 0 24 10.7 24 24v168h87.7c17.8 0 26.7 21.5 14.1 34.1L269.7 378.3c-7.5 7.5-19.8 7.5-27.3 0L90.1 226.1c-12.6-12.6-3.7-34.1 14.1-34.1H192V24c0-13.3 10.7-24 24-24zm296 376v112c0 13.3-10.7 24-24 24H24c-13.3 0-24-10.7-24-24V376c0-13.3 10.7-24 24-24h146.7l49 49c20.1 20.1 52.5 20.1 72.6 0l49-49H488c13.3 0 24 10.7 24 24zm-124 88c0-11-9-20-20-20s-20 9-20 20 9 20 20 20 20-9 20-20zm64 0c0-11-9-20-20-20s-20 9-20 20 9 20 20 20 20-9 20-20z\"><\/path><\/svg><\/div>Descarga<\/a><\/td><\/tr><tr><td>81<\/td><td>Fundaci\u00f3n 3: Segunda Fundaci\u00f3n<\/td><td>Tercer libro de la saga Fundaci\u00f3n: Segunda fundaci\u00f3n<\/td><td><img loading=\"lazy\" decoding=\"async\" width=\"148\" height=\"146\" src=\"https:\/\/segundafundacion.com\/wp-content\/uploads\/2025\/08\/PDF-1.png\" class=\"\" alt=\"Fundaci\u00f3n 3: Segunda Fundaci\u00f3n\" title=\"PDF\" data-caption=\"Fundaci\u00f3n 3: Segunda Fundaci\u00f3n\" data-src=\"https:\/\/segundafundacion.com\/wp-content\/uploads\/2025\/08\/PDF-1.png\" data-large_image=\"https:\/\/segundafundacion.com\/wp-content\/uploads\/2025\/08\/PDF-1.png\" data-large_image_width=\"148\" data-large_image_height=\"146\" \/><\/td><td>2025\/08\/18<\/td><td><a href=\"https:\/\/segundafundacion.com\/index.php\/document-category\/eg\/\" rel=\"tag\">Enciclopedia Gal\u00e1ctica<\/a><\/td><td><a href=\"https:\/\/segundafundacion.com\/wp-content\/uploads\/2025\/08\/Fundacion-3-Segunda-fundacion-Isaac-Asimov.pdf\" class=\"dll-download-button document-library-button button btn\"  download=\"Fundacion-3-Segunda-fundacion-Isaac-Asimov.pdf\" type=\"application\/pdf\"><div class=\"dll-icon download dll-button-icon dll-button-icon-text\"><svg xmlns=\"http:\/\/www.w3.org\/2000\/svg\" viewBox=\"0 0 512 512\" aria-label=\"Download\"><path fill=\"currentColor\" d=\"M216 0h80c13.3 0 24 10.7 24 24v168h87.7c17.8 0 26.7 21.5 14.1 34.1L269.7 378.3c-7.5 7.5-19.8 7.5-27.3 0L90.1 226.1c-12.6-12.6-3.7-34.1 14.1-34.1H192V24c0-13.3 10.7-24 24-24zm296 376v112c0 13.3-10.7 24-24 24H24c-13.3 0-24-10.7-24-24V376c0-13.3 10.7-24 24-24h146.7l49 49c20.1 20.1 52.5 20.1 72.6 0l49-49H488c13.3 0 24 10.7 24 24zm-124 88c0-11-9-20-20-20s-20 9-20 20 9 20 20 20 20-9 20-20zm64 0c0-11-9-20-20-20s-20 9-20 20 9 20 20 20 20-9 20-20z\"><\/path><\/svg><\/div>Descarga<\/a><\/td><\/tr><tr><td>78<\/td><td>Fundaci\u00f3n 2: Fundaci\u00f3n e Imperio<\/td><td>Segundo libro de la saga Fundaci\u00f3n<\/td><td><img loading=\"lazy\" decoding=\"async\" width=\"148\" height=\"146\" src=\"https:\/\/segundafundacion.com\/wp-content\/uploads\/2025\/08\/PDF-1.png\" class=\"\" alt=\"Fundaci\u00f3n 2: Fundaci\u00f3n e Imperio\" title=\"PDF\" data-caption=\"Fundaci\u00f3n 2: Fundaci\u00f3n e Imperio\" data-src=\"https:\/\/segundafundacion.com\/wp-content\/uploads\/2025\/08\/PDF-1.png\" data-large_image=\"https:\/\/segundafundacion.com\/wp-content\/uploads\/2025\/08\/PDF-1.png\" data-large_image_width=\"148\" data-large_image_height=\"146\" \/><\/td><td>2025\/08\/18<\/td><td><a href=\"https:\/\/segundafundacion.com\/index.php\/document-category\/eg\/\" rel=\"tag\">Enciclopedia Gal\u00e1ctica<\/a><\/td><td><a href=\"https:\/\/segundafundacion.com\/wp-content\/uploads\/2025\/08\/Fundacion-2-Fundacion-e-Imperio-Isaac-Asimov.pdf\" class=\"dll-download-button document-library-button button btn\"  download=\"Fundacion-2-Fundacion-e-Imperio-Isaac-Asimov.pdf\" type=\"application\/pdf\"><div class=\"dll-icon download dll-button-icon dll-button-icon-text\"><svg xmlns=\"http:\/\/www.w3.org\/2000\/svg\" viewBox=\"0 0 512 512\" aria-label=\"Download\"><path fill=\"currentColor\" d=\"M216 0h80c13.3 0 24 10.7 24 24v168h87.7c17.8 0 26.7 21.5 14.1 34.1L269.7 378.3c-7.5 7.5-19.8 7.5-27.3 0L90.1 226.1c-12.6-12.6-3.7-34.1 14.1-34.1H192V24c0-13.3 10.7-24 24-24zm296 376v112c0 13.3-10.7 24-24 24H24c-13.3 0-24-10.7-24-24V376c0-13.3 10.7-24 24-24h146.7l49 49c20.1 20.1 52.5 20.1 72.6 0l49-49H488c13.3 0 24 10.7 24 24zm-124 88c0-11-9-20-20-20s-20 9-20 20 9 20 20 20 20-9 20-20zm64 0c0-11-9-20-20-20s-20 9-20 20 9 20 20 20 20-9 20-20z\"><\/path><\/svg><\/div>Descarga<\/a><\/td><\/tr><tr><td>77<\/td><td>Fundaci\u00f3n 1: Fundaci\u00f3n<\/td><td>Primer libro de la saga de La Fundaci\u00f3n<\/td><td><img loading=\"lazy\" decoding=\"async\" width=\"148\" height=\"146\" src=\"https:\/\/segundafundacion.com\/wp-content\/uploads\/2025\/08\/PDF-1.png\" class=\"\" alt=\"Fundaci\u00f3n 1: Fundaci\u00f3n\" title=\"PDF\" data-caption=\"Fundaci\u00f3n 1: Fundaci\u00f3n\" data-src=\"https:\/\/segundafundacion.com\/wp-content\/uploads\/2025\/08\/PDF-1.png\" data-large_image=\"https:\/\/segundafundacion.com\/wp-content\/uploads\/2025\/08\/PDF-1.png\" data-large_image_width=\"148\" data-large_image_height=\"146\" \/><\/td><td>2025\/08\/18<\/td><td><a href=\"https:\/\/segundafundacion.com\/index.php\/document-category\/eg\/\" rel=\"tag\">Enciclopedia Gal\u00e1ctica<\/a><\/td><td><a href=\"https:\/\/segundafundacion.com\/wp-content\/uploads\/2025\/08\/Fundacion-1-Fundacion-Isaac-Asimov.pdf\" class=\"dll-download-button document-library-button button btn\"  download=\"Fundacion-1-Fundacion-Isaac-Asimov.pdf\" type=\"application\/pdf\"><div class=\"dll-icon download dll-button-icon dll-button-icon-text\"><svg xmlns=\"http:\/\/www.w3.org\/2000\/svg\" viewBox=\"0 0 512 512\" aria-label=\"Download\"><path fill=\"currentColor\" d=\"M216 0h80c13.3 0 24 10.7 24 24v168h87.7c17.8 0 26.7 21.5 14.1 34.1L269.7 378.3c-7.5 7.5-19.8 7.5-27.3 0L90.1 226.1c-12.6-12.6-3.7-34.1 14.1-34.1H192V24c0-13.3 10.7-24 24-24zm296 376v112c0 13.3-10.7 24-24 24H24c-13.3 0-24-10.7-24-24V376c0-13.3 10.7-24 24-24h146.7l49 49c20.1 20.1 52.5 20.1 72.6 0l49-49H488c13.3 0 24 10.7 24 24zm-124 88c0-11-9-20-20-20s-20 9-20 20 9 20 20 20 20-9 20-20zm64 0c0-11-9-20-20-20s-20 9-20 20 9 20 20 20 20-9 20-20z\"><\/path><\/svg><\/div>Descarga<\/a><\/td><\/tr><tr><td>32<\/td><td>Dise\u00f1ar tuber\u00eda simple &#8211; di\u00e1metro exacto<\/td><td>Procedimiento para dise\u00f1ar una tuber\u00eda simple, di\u00e1metro exacto, utilizando la ecuaci\u00f3n de Darcy-Weisbach con Swamee-Jain.<\/td><td><img loading=\"lazy\" decoding=\"async\" width=\"148\" height=\"146\" src=\"https:\/\/segundafundacion.com\/wp-content\/uploads\/2025\/08\/PDF-1.png\" class=\"\" alt=\"Dise\u00f1ar tuber\u00eda simple - di\u00e1metro exacto\" title=\"PDF\" data-caption=\"Dise\u00f1ar tuber\u00eda simple - di\u00e1metro exacto\" data-src=\"https:\/\/segundafundacion.com\/wp-content\/uploads\/2025\/08\/PDF-1.png\" data-large_image=\"https:\/\/segundafundacion.com\/wp-content\/uploads\/2025\/08\/PDF-1.png\" data-large_image_width=\"148\" data-large_image_height=\"146\" \/><\/td><td>2025\/08\/17<\/td><td><a href=\"https:\/\/segundafundacion.com\/index.php\/document-category\/hidraulica\/\" rel=\"tag\">Hidr\u00e1ulica<\/a><\/td><td><a href=\"https:\/\/segundafundacion.com\/wp-content\/uploads\/2025\/08\/DiametroExacto-formulaUnSoloPaso.pdf\" class=\"dll-download-button document-library-button button btn\"  download=\"DiametroExacto-formulaUnSoloPaso.pdf\" type=\"application\/pdf\"><div class=\"dll-icon download dll-button-icon dll-button-icon-text\"><svg xmlns=\"http:\/\/www.w3.org\/2000\/svg\" viewBox=\"0 0 512 512\" aria-label=\"Download\"><path fill=\"currentColor\" d=\"M216 0h80c13.3 0 24 10.7 24 24v168h87.7c17.8 0 26.7 21.5 14.1 34.1L269.7 378.3c-7.5 7.5-19.8 7.5-27.3 0L90.1 226.1c-12.6-12.6-3.7-34.1 14.1-34.1H192V24c0-13.3 10.7-24 24-24zm296 376v112c0 13.3-10.7 24-24 24H24c-13.3 0-24-10.7-24-24V376c0-13.3 10.7-24 24-24h146.7l49 49c20.1 20.1 52.5 20.1 72.6 0l49-49H488c13.3 0 24 10.7 24 24zm-124 88c0-11-9-20-20-20s-20 9-20 20 9 20 20 20 20-9 20-20zm64 0c0-11-9-20-20-20s-20 9-20 20 9 20 20 20 20-9 20-20z\"><\/path><\/svg><\/div>Descarga<\/a><\/td><\/tr>\t\t\t<\/tbody>\n\t\t<\/table>\n\t\t\n","protected":false},"excerpt":{"rendered":"","protected":false},"author":1,"featured_media":0,"parent":0,"menu_order":0,"comment_status":"closed","ping_status":"closed","template":"","meta":{"footnotes":""},"class_list":["post-29","page","type-page","status-publish","hentry"],"_links":{"self":[{"href":"https:\/\/segundafundacion.com\/index.php\/wp-json\/wp\/v2\/pages\/29","targetHints":{"allow":["GET"]}}],"collection":[{"href":"https:\/\/segundafundacion.com\/index.php\/wp-json\/wp\/v2\/pages"}],"about":[{"href":"https:\/\/segundafundacion.com\/index.php\/wp-json\/wp\/v2\/types\/page"}],"author":[{"embeddable":true,"href":"https:\/\/segundafundacion.com\/index.php\/wp-json\/wp\/v2\/users\/1"}],"replies":[{"embeddable":true,"href":"https:\/\/segundafundacion.com\/index.php\/wp-json\/wp\/v2\/comments?post=29"}],"version-history":[{"count":3,"href":"https:\/\/segundafundacion.com\/index.php\/wp-json\/wp\/v2\/pages\/29\/revisions"}],"predecessor-version":[{"id":136,"href":"https:\/\/segundafundacion.com\/index.php\/wp-json\/wp\/v2\/pages\/29\/revisions\/136"}],"wp:attachment":[{"href":"https:\/\/segundafundacion.com\/index.php\/wp-json\/wp\/v2\/media?parent=29"}],"curies":[{"name":"wp","href":"https:\/\/api.w.org\/{rel}","templated":true}]}}