{"id":24,"date":"2025-08-17T22:51:12","date_gmt":"2025-08-17T22:51:12","guid":{"rendered":"https:\/\/segundafundacion.com\/?page_id=24"},"modified":"2025-09-01T23:02:44","modified_gmt":"2025-09-01T23:02:44","slug":"segunda-fundacion","status":"publish","type":"page","link":"https:\/\/segundafundacion.com\/","title":{"rendered":"Segunda Fundaci\u00f3n"},"content":{"rendered":"\n<figure class=\"wp-block-image size-full\"><img loading=\"lazy\" decoding=\"async\" width=\"454\" height=\"456\" src=\"https:\/\/segundafundacion.com\/wp-content\/uploads\/2025\/08\/Logo-SFCR-imperial256-3.png\" alt=\"\" class=\"wp-image-25\" srcset=\"https:\/\/segundafundacion.com\/wp-content\/uploads\/2025\/08\/Logo-SFCR-imperial256-3.png 454w, https:\/\/segundafundacion.com\/wp-content\/uploads\/2025\/08\/Logo-SFCR-imperial256-3-300x300.png 300w, https:\/\/segundafundacion.com\/wp-content\/uploads\/2025\/08\/Logo-SFCR-imperial256-3-150x150.png 150w\" sizes=\"auto, (max-width: 454px) 100vw, 454px\" \/><\/figure>\n\n\n\n<p>Segunda Fundaci\u00f3n, es el tercer libro de la Trilog\u00eda de la Fundaci\u00f3n de Isaac Asimov. Cierra la trilog\u00eda original, mostrando c\u00f3mo el plan de Seldon, aunque constantemente amenazado, sigue en marcha gracias a la astucia y el sacrificio de los agentes de la Segunda Fundaci\u00f3n.<\/p>\n\n\n\n<p>La Segunda Fundaci\u00f3n aborda tres temas principales:<\/p>\n\n\n\n<ul class=\"wp-block-list\">\n<li>La manipulaci\u00f3n y el poder: explora c\u00f3mo el control de las emociones y las mentes puede ser m\u00e1s poderoso que el uso de la fuerza f\u00edsica o militar.<\/li>\n\n\n\n<li>El destino y el libre albedr\u00edo: se cuestiona si los individuos y las sociedades tienen verdadero control sobre su destino o si est\u00e1n atrapados en un plan predeterminado.<\/li>\n\n\n\n<li>La lucha por el conocimiento: La confrontaci\u00f3n entre la Primera y la Segunda Fundaci\u00f3n resalta la tensi\u00f3n entre el conocimiento t\u00e9cnico y cient\u00edfico (Primera Fundaci\u00f3n) y el conocimiento psicol\u00f3gico y social (Segunda Fundaci\u00f3n).<\/li>\n<\/ul>\n\n\n\n<p><strong>Primera parte: \u201cLa B\u00fasqueda del Mulo\u201d<\/strong><br>La historia comienza con el Mulo, el poderoso mutante con habilidades para manipular las emociones, quien se ha convertido en el gobernante de gran parte de la galaxia. A pesar de su dominio, teme la existencia de la enigm\u00e1tica Segunda Fundaci\u00f3n, una organizaci\u00f3n secreta que, seg\u00fan el plan original del psicohistoriador Hari Seldon, debe proteger y guiar a la humanidad hacia un futuro estable.<br>El Mulo emprende una b\u00fasqueda obsesiva para encontrar y destruir la Segunda Fundaci\u00f3n, ya que la percibe como una amenaza a su reinado. Sin embargo, la Segunda Fundaci\u00f3n, formada por expertos en psicohistoria y telepat\u00eda, trabaja en las sombras para contrarrestar sus movimientos. Utilizando su capacidad para manipular mentes, logran enga\u00f1ar al Mulo, llev\u00e1ndolo a creer que ha eliminado la amenaza, cuando en realidad su influencia ha sido neutralizada. Finalmente, el Mulo, emocionalmente equilibrado por los agentes de la Segunda Fundaci\u00f3n, abandona su b\u00fasqueda y muere a\u00f1os despu\u00e9s, dejando un vac\u00edo de poder.<\/p>\n\n\n\n<p><strong>Segunda parte: \u201cLa B\u00fasqueda de la Fundaci\u00f3n\u201d<\/strong><br>Despu\u00e9s de la muerte del Mulo, el foco cambia hacia la Primera Fundaci\u00f3n, que ahora comienza a sospechar de la existencia de la Segunda Fundaci\u00f3n. Los habitantes de la Primera Fundaci\u00f3n ven a la Segunda como una amenaza porque podr\u00eda estar manipulando a las personas para cumplir su propio prop\u00f3sito.<br>Un joven llamado Arkady Darell, nieto de uno de los l\u00edderes de la Primera Fundaci\u00f3n, se involucra en una conspiraci\u00f3n para desenmascarar a la Segunda Fundaci\u00f3n. A trav\u00e9s de una serie de intrigas y malentendidos, la conspiraci\u00f3n finalmente ubica la Segunda Fundaci\u00f3n en el planeta Tr\u00e1ntor, el antiguo centro del Imperio Gal\u00e1ctico. Sin embargo, esto es un enga\u00f1o creado por la propia Segunda Fundaci\u00f3n para desviar la atenci\u00f3n de su verdadera ubicaci\u00f3n.<br>Al final, se revela que la Segunda Fundaci\u00f3n est\u00e1 escondida en un lugar estrat\u00e9gico y simb\u00f3lico: en las mentes y corazones de sus miembros, dispersos por la galaxia. Su verdadera fuerza radica en su habilidad para permanecer oculta mientras sigue guiando el destino gal\u00e1ctico seg\u00fan el plan de Seldon.<\/p>\n\n\n\n<figure class=\"wp-block-image size-full\"><img loading=\"lazy\" decoding=\"async\" width=\"797\" height=\"453\" src=\"https:\/\/segundafundacion.com\/wp-content\/uploads\/2025\/08\/TrantorWatercolor800x500-1.png\" alt=\"\" class=\"wp-image-26\" srcset=\"https:\/\/segundafundacion.com\/wp-content\/uploads\/2025\/08\/TrantorWatercolor800x500-1.png 797w, https:\/\/segundafundacion.com\/wp-content\/uploads\/2025\/08\/TrantorWatercolor800x500-1-300x171.png 300w, https:\/\/segundafundacion.com\/wp-content\/uploads\/2025\/08\/TrantorWatercolor800x500-1-768x437.png 768w\" sizes=\"auto, (max-width: 797px) 100vw, 797px\" \/><\/figure>\n\n\n\n<p><\/p>\n","protected":false},"excerpt":{"rendered":"<p>Segunda Fundaci\u00f3n, es el tercer libro de la Trilog\u00eda de la Fundaci\u00f3n de Isaac Asimov. Cierra la trilog\u00eda original, mostrando c\u00f3mo el plan de Seldon,&hellip;<\/p>\n","protected":false},"author":1,"featured_media":26,"parent":0,"menu_order":0,"comment_status":"closed","ping_status":"closed","template":"","meta":{"footnotes":""},"class_list":["post-24","page","type-page","status-publish","has-post-thumbnail","hentry"],"_links":{"self":[{"href":"https:\/\/segundafundacion.com\/index.php\/wp-json\/wp\/v2\/pages\/24","targetHints":{"allow":["GET"]}}],"collection":[{"href":"https:\/\/segundafundacion.com\/index.php\/wp-json\/wp\/v2\/pages"}],"about":[{"href":"https:\/\/segundafundacion.com\/index.php\/wp-json\/wp\/v2\/types\/page"}],"author":[{"embeddable":true,"href":"https:\/\/segundafundacion.com\/index.php\/wp-json\/wp\/v2\/users\/1"}],"replies":[{"embeddable":true,"href":"https:\/\/segundafundacion.com\/index.php\/wp-json\/wp\/v2\/comments?post=24"}],"version-history":[{"count":1,"href":"https:\/\/segundafundacion.com\/index.php\/wp-json\/wp\/v2\/pages\/24\/revisions"}],"predecessor-version":[{"id":27,"href":"https:\/\/segundafundacion.com\/index.php\/wp-json\/wp\/v2\/pages\/24\/revisions\/27"}],"wp:featuredmedia":[{"embeddable":true,"href":"https:\/\/segundafundacion.com\/index.php\/wp-json\/wp\/v2\/media\/26"}],"wp:attachment":[{"href":"https:\/\/segundafundacion.com\/index.php\/wp-json\/wp\/v2\/media?parent=24"}],"curies":[{"name":"wp","href":"https:\/\/api.w.org\/{rel}","templated":true}]}}